



{"id":4867,"date":"2019-09-08T00:53:01","date_gmt":"2019-09-07T22:53:01","guid":{"rendered":"http:\/\/coneb.africa\/web\/?page_id=4867"},"modified":"2019-09-30T16:25:22","modified_gmt":"2019-09-30T14:25:22","slug":"jeudi-du-patronat","status":"publish","type":"page","link":"https:\/\/coneb.africa\/web\/jeudi-du-patronat\/","title":{"rendered":"JEUDI DU PATRONAT"},"content":{"rendered":"<p>[vc_row rt_row_background_width=\u00a0\u00bbfullwidth\u00a0\u00bb rt_row_content_width=\u00a0\u00bbdefault\u00a0\u00bb rt_row_style=\u00a0\u00bbdefault-style\u00a0\u00bb rt_row_height=\u00a0\u00bb\u00a0\u00bb rt_column_gaps=\u00a0\u00bb\u00a0\u00bb rt_row_shadows=\u00a0\u00bb\u00a0\u00bb rt_row_borders=\u00a0\u00bb\u00a0\u00bb rt_bg_effect=\u00a0\u00bbclassic\u00a0\u00bb rt_bg_image_repeat=\u00a0\u00bbrepeat\u00a0\u00bb rt_bg_size=\u00a0\u00bbcover\u00a0\u00bb rt_bg_position=\u00a0\u00bbright top\u00a0\u00bb rt_bg_attachment=\u00a0\u00bbscroll\u00a0\u00bb rt_bg_layer=\u00a0\u00bb\u00a0\u00bb rt_bg_video_format=\u00a0\u00bbself-hosted\u00a0\u00bb rt_row_paddings=\u00a0\u00bbtrue\u00a0\u00bb rt_overlap=\u00a0\u00bbtrue\u00a0\u00bb rt_padding_top=\u00a0\u00bb60&Prime; rt_padding_bottom=\u00a0\u00bb60&Prime; rt_class=\u00a0\u00bbrt-9285732&Prime; rt_paddings=\u00a0\u00bb60,60,,\u00a0\u00bb rt_margins=\u00a0\u00bb,,,\u00a0\u00bb rt_content_margins=\u00a0\u00bb,,,\u00a0\u00bb rt_tablet_paddings=\u00a0\u00bb,,,\u00a0\u00bb rt_tablet_margins=\u00a0\u00bb,,,\u00a0\u00bb rt_tablet_content_margins=\u00a0\u00bb,,,\u00a0\u00bb rt_sp_paddings=\u00a0\u00bb,,,\u00a0\u00bb rt_sp_margins=\u00a0\u00bb,,,\u00a0\u00bb rt_sp_content_margins=\u00a0\u00bb,,,\u00a0\u00bb][vc_column rt_bg_effect=\u00a0\u00bbclassic\u00a0\u00bb rt_bg_image_repeat=\u00a0\u00bbrepeat\u00a0\u00bb rt_bg_size=\u00a0\u00bbauto auto\u00a0\u00bb rt_bg_position=\u00a0\u00bbright top\u00a0\u00bb rt_bg_attachment=\u00a0\u00bbscroll\u00a0\u00bb rt_col_paddings=\u00a0\u00bbtrue\u00a0\u00bb rt_wrp_col_paddings=\u00a0\u00bbfalse\u00a0\u00bb]<div class=\"rt-heading-wrapper style-6 rt-3935555\">\n\t\t\t\t\t\t<h2 class=\"rt-heading style-6\" ><span class=\"icon-ava-image1 heading_icon\"><\/span>JEUDI DU PATRONAT<\/h2>\n\t\t\t\t\t<\/div>[vc_row_inner rt_row_background_width=\u00a0\u00bbfullwidth\u00a0\u00bb rt_row_content_width=\u00a0\u00bbdefault\u00a0\u00bb rt_row_style=\u00a0\u00bbglobal-style\u00a0\u00bb rt_row_height=\u00a0\u00bb\u00a0\u00bb rt_column_gaps=\u00a0\u00bb\u00a0\u00bb rt_row_borders=\u00a0\u00bb\u00a0\u00bb rt_bg_effect=\u00a0\u00bbclassic\u00a0\u00bb rt_bg_image_repeat=\u00a0\u00bbrepeat\u00a0\u00bb rt_bg_size=\u00a0\u00bbcover\u00a0\u00bb rt_bg_position=\u00a0\u00bbright top\u00a0\u00bb rt_bg_attachment=\u00a0\u00bbscroll\u00a0\u00bb rt_bg_layer=\u00a0\u00bb\u00a0\u00bb rt_bg_video_format=\u00a0\u00bbself-hosted\u00a0\u00bb][vc_column_inner width=\u00a0\u00bb1\/4&Prime; rt_bg_effect=\u00a0\u00bbclassic\u00a0\u00bb rt_bg_image_repeat=\u00a0\u00bbrepeat\u00a0\u00bb rt_bg_size=\u00a0\u00bbauto auto\u00a0\u00bb rt_bg_position=\u00a0\u00bbright top\u00a0\u00bb rt_bg_attachment=\u00a0\u00bbscroll\u00a0\u00bb]<article class=\"image-content-box content-box  box-style-1  valign-top  left\"><div class=\"featured_image_holder\"><img loading=\"lazy\" decoding=\"async\" class=\"img-responsive left\" src=\"https:\/\/coneb.africa\/web\/wp-content\/uploads\/2019\/09\/jeudi-du-patronat.png\" width=\"500\" height=\"500\" alt=\"\" \/><\/div><div class=\"text-holder\"> <\/div><\/article>[\/vc_column_inner][vc_column_inner width=\u00a0\u00bb3\/4&Prime; rt_bg_effect=\u00a0\u00bbclassic\u00a0\u00bb rt_bg_image_repeat=\u00a0\u00bbrepeat\u00a0\u00bb rt_bg_size=\u00a0\u00bbauto auto\u00a0\u00bb rt_bg_position=\u00a0\u00bbright top\u00a0\u00bb rt_bg_attachment=\u00a0\u00bbscroll\u00a0\u00bb][vc_column_text]L\u2019initiateur de cet \u00e9v\u00e8nement est la&nbsp;<b>Conf\u00e9d\u00e9ration Nationale des Employeurs du B\u00e9nin<\/b>&nbsp;(CONEB). La&nbsp;<b>CONEB<\/b>&nbsp;est une organisation patronale enregistr\u00e9e sur le&nbsp;<b>N\u00b0: ANNEE2016\/No 051\/MISPC\/DC\/SEM\/DGAIC\/DTLP\/SAAP\/ASSSOC-SA<\/b>&nbsp;du 1er avril 2016. Son si\u00e8ge social est situ\u00e9e dans la Commune de Cotonou au Quartier Camp Gu\u00e9zo, lot 240 Camp Gu\u00e9zo, 01 BP 22 Cotonou T\u00e9l 21312687\/ 96560010.<\/p>\n<p>Ouverte \u00e0 toutes les institutions de la R\u00e9publique, sa mission est de \u00ab&nbsp;<b><i>Travailler \u00e0 l\u2019av\u00e8nement d\u2019un mod\u00e8le d\u2018entrepreneurs et de dirigeants op\u00e9rant dans la bonne gouvernance, l\u2019\u00e9thique et la comp\u00e9tence professionnelle&nbsp;<\/i><\/b>\u00bb. A cet effet, la CONEB organise des activit\u00e9s visant \u00e0 promouvoir les entrepreneurs et am\u00e9liorer le climat des affaires. C\u2019est dans ce cadre que s\u2019inscrit l\u2019initiative d\u00e9nomm\u00e9e le \u00ab Jeudi du Patronat \u00bb.[\/vc_column_text][\/vc_column_inner][\/vc_row_inner][vc_separator style=\u00a0\u00bbstyle-1&Prime; color_type=\u00a0\u00bbprimary\u00a0\u00bb rt_class=\u00a0\u00bbrt-9318294&Prime; margins=\u00a0\u00bb,,,\u00a0\u00bb][vc_column_text]Le jeudi du Patronat consiste \u00e0 r\u00e9unir tous les derniers jeudi du mois autour d\u2019un petit d\u00e9jeuner assorti de d\u00e9bats sur une th\u00e9matique \u00e0 la convenance du partenaire qui sponsorise sa r\u00e9alisation. Il s\u2019agit d\u2019une tribune de chefs d\u2019entreprises et dirigeants d\u2019institutions de marque, offerte au partenaire sponsor pour communiquer sur un produit innovant ou un service \u00e0 valeur ajout\u00e9e bien sp\u00e9cifique en vue d\u2019accroitre sa client\u00e8le.<\/p>\n<p>La cible constitue une tribune d\u2019une certaines personnes de qualit\u00e9 \u00e0 fort pouvoir d\u2019achat. Il s\u2019agit essentiellement :<\/p>\n\t \n\t\t<div  class=\"bullet-list style-3  arrow\">\n\t\t<ul>\n<li>Des op\u00e9rateurs \u00e9conomiques et Chefs d\u2019entreprises;<\/li>\n<li>Des f\u00e9d\u00e9rations professionnelles;<\/li>\n<li>Des membres des institutions Patronales, syndicales et consulaires.<\/li>\n<\/ul>\n\n\t\t<\/div>\n\t[\/vc_column_text]<div class=\"rt-heading-wrapper style-6 rt-3537256\">\n\t\t\t\t\t\t<h2 class=\"rt-heading style-6\" ><span class=\"icon-ava-image1 heading_icon\"><\/span>DEVENIR SPONSOR<\/h2>\n\t\t\t\t\t<\/div>[vc_row_inner rt_row_background_width=\u00a0\u00bbfullwidth\u00a0\u00bb rt_row_content_width=\u00a0\u00bbdefault\u00a0\u00bb rt_row_style=\u00a0\u00bbglobal-style\u00a0\u00bb rt_row_height=\u00a0\u00bb\u00a0\u00bb rt_column_gaps=\u00a0\u00bb\u00a0\u00bb rt_row_borders=\u00a0\u00bb\u00a0\u00bb rt_bg_effect=\u00a0\u00bbclassic\u00a0\u00bb rt_bg_image_repeat=\u00a0\u00bbrepeat\u00a0\u00bb rt_bg_size=\u00a0\u00bbcover\u00a0\u00bb rt_bg_position=\u00a0\u00bbright top\u00a0\u00bb rt_bg_attachment=\u00a0\u00bbscroll\u00a0\u00bb rt_bg_layer=\u00a0\u00bb\u00a0\u00bb rt_bg_video_format=\u00a0\u00bbself-hosted\u00a0\u00bb][vc_column_inner rt_bg_effect=\u00a0\u00bbclassic\u00a0\u00bb rt_bg_image_repeat=\u00a0\u00bbrepeat\u00a0\u00bb rt_bg_size=\u00a0\u00bbauto auto\u00a0\u00bb rt_bg_position=\u00a0\u00bbright top\u00a0\u00bb rt_bg_attachment=\u00a0\u00bbscroll\u00a0\u00bb]\n\t\t<article class=\"content-box content-box2 content-padding\">\n\t\t<div class=\"rt-heading-wrapper style-1\">\n\t\t\t\t\t\t<a href=\"http:\/\/coneb.africa\/web\/nous-joindre\/\" target=\"_self\" title=\"Nous joindre\"><h1 class=\"rt-heading style-1\" ><\/h1><\/a>\n\t\t\t\t\t<\/div>\n\t\t<div class=\"content-holder\">\n\t\t\t<p>Le sponsor qui subventionne le jeudi du patronat b\u00e9n\u00e9ficie de plusieurs avantages dont les principaux se pr\u00e9sentent comme suit:<\/p>\n<div  class=\"bullet-list style-3  arrow\">\n<ul>\n<li>La communication sur ses produits et service a valeur ajout\u00e9e au regard de la dynamique des d\u00e9bats afin de se faire connaitre et d\u2019accroitre sa client\u00e8le;<\/li>\n<li>La visibilit\u00e9 sur son entreprise au regard de la campagne medias pendant et apr\u00e8s l\u2019\u00e9v\u00e9nement;<\/li>\n<li>Le d\u00e9veloppement de son image de marque afin de faire face a la concurrence grandissante \u00e0 travers la fid\u00e9lisation de sa client\u00e8le,<\/li>\n<li>L\u2019ouverture de nouvelles portes possibles \u00e0 l\u2019international.\n<div class=\"row\">\n<div class=\"col-md-12\">&nbsp;<\/div>\n<\/div>\n<section class=\"bg-white\">\n<div class=\"container\">\n<div class=\"row\">&nbsp;<\/div>\n<\/div>\n<\/section>\n<\/li>\n<\/ul><\/div>\n\n\t\t\t<div class=\"button_wrapper  arrow\"><a href=\"http:\/\/coneb.africa\/web\/nous-joindre\/\" target=\"_self\" title=\"Nous joindre\" class=\"button_  style-2 small\"><span><span class=\"button-icon icon-right\"><\/span><span>Nous joindre<\/span><\/span><\/a><\/div>\n\t\t<\/div>\n\t\t<\/article>\n\t\t[\/vc_column_inner][\/vc_row_inner]<div class=\"rt-heading-wrapper style-6 rt-5724017\">\n\t\t\t\t\t\t<h2 class=\"rt-heading style-6\" ><span class=\"icon-ava-image1 heading_icon\"><\/span>Quelques rapports des anciennes \u00e9ditions du Jeudi du Patronat<\/h2>\n\t\t\t\t\t<\/div>[vc_row_inner rt_row_background_width=\u00a0\u00bbfullwidth\u00a0\u00bb rt_row_content_width=\u00a0\u00bbdefault\u00a0\u00bb rt_row_style=\u00a0\u00bbglobal-style\u00a0\u00bb rt_row_height=\u00a0\u00bb\u00a0\u00bb rt_column_gaps=\u00a0\u00bb\u00a0\u00bb rt_row_borders=\u00a0\u00bb\u00a0\u00bb rt_bg_effect=\u00a0\u00bbclassic\u00a0\u00bb rt_transparent_bg=\u00a0\u00bbtrue\u00a0\u00bb rt_bg_image_repeat=\u00a0\u00bbrepeat\u00a0\u00bb rt_bg_size=\u00a0\u00bbcover\u00a0\u00bb rt_bg_position=\u00a0\u00bbright top\u00a0\u00bb rt_bg_attachment=\u00a0\u00bbscroll\u00a0\u00bb rt_bg_layer=\u00a0\u00bb\u00a0\u00bb rt_bg_video_format=\u00a0\u00bbself-hosted\u00a0\u00bb rt_class=\u00a0\u00bbrt-8293651&Prime; rt_paddings=\u00a0\u00bb,,,\u00a0\u00bb rt_margins=\u00a0\u00bb,,,\u00a0\u00bb rt_content_margins=\u00a0\u00bb,,,\u00a0\u00bb rt_tablet_paddings=\u00a0\u00bb,,,\u00a0\u00bb rt_tablet_margins=\u00a0\u00bb,,,\u00a0\u00bb rt_tablet_content_margins=\u00a0\u00bb,,,\u00a0\u00bb rt_sp_paddings=\u00a0\u00bb,,,\u00a0\u00bb rt_sp_margins=\u00a0\u00bb,,,\u00a0\u00bb rt_sp_content_margins=\u00a0\u00bb,,,\u00a0\u00bb][vc_column_inner width=\u00a0\u00bb1\/4&Prime; rt_bg_effect=\u00a0\u00bbclassic\u00a0\u00bb rt_bg_image_repeat=\u00a0\u00bbrepeat\u00a0\u00bb rt_bg_size=\u00a0\u00bbauto auto\u00a0\u00bb rt_bg_position=\u00a0\u00bbright top\u00a0\u00bb rt_bg_attachment=\u00a0\u00bbscroll\u00a0\u00bb css=\u00a0\u00bb.vc_custom_1567903462108{background-position: center !important;background-repeat: no-repeat !important;background-size: contain !important;}\u00a0\u00bb rt_class=\u00a0\u00bbrt-3348980&Prime; rt_margins=\u00a0\u00bb,\u00a0\u00bb rt_paddings=\u00a0\u00bb,,,\u00a0\u00bb rt_wrapper_paddings=\u00a0\u00bb,,,\u00a0\u00bb rt_tablet_margins=\u00a0\u00bb,\u00a0\u00bb rt_tablet_paddings=\u00a0\u00bb,,,\u00a0\u00bb rt_tablet_wrapper_paddings=\u00a0\u00bb,,,\u00a0\u00bb rt_sp_margins=\u00a0\u00bb,\u00a0\u00bb rt_sp_paddings=\u00a0\u00bb,,,\u00a0\u00bb rt_sp_wrapper_paddings=\u00a0\u00bb,,,\u00a0\u00bb rt_bg_color=\u00a0\u00bb\u00a0\u00bb rt_bg_overlay_color=\u00a0\u00bb\u00a0\u00bb]<div class=\"button_wrapper  arrow rounded\"><a href=\"http:\/\/coneb.africa\/web\/wp-content\/uploads\/2019\/09\/1ere_edition.pdf\" target=\"_self\" title=\"T\u00e9l\u00e9charger la 1\u00e9re EDITION\" class=\"button_  style-1 small rt-4192948\"><span><span class=\"button-icon icon-right-thin\"><\/span><span>T\u00e9l\u00e9charger la 1\u00e9re EDITION<\/span><\/span><\/a><\/div>[\/vc_column_inner][vc_column_inner width=\u00a0\u00bb1\/4&Prime; rt_bg_effect=\u00a0\u00bbclassic\u00a0\u00bb rt_bg_image_repeat=\u00a0\u00bbrepeat\u00a0\u00bb rt_bg_size=\u00a0\u00bbauto auto\u00a0\u00bb rt_bg_position=\u00a0\u00bbright top\u00a0\u00bb rt_bg_attachment=\u00a0\u00bbscroll\u00a0\u00bb css=\u00a0\u00bb.vc_custom_1567903478926{background-position: center !important;background-repeat: no-repeat !important;background-size: contain !important;}\u00a0\u00bb rt_class=\u00a0\u00bbrt-1388006&Prime; rt_margins=\u00a0\u00bb,\u00a0\u00bb rt_paddings=\u00a0\u00bb,,,\u00a0\u00bb rt_wrapper_paddings=\u00a0\u00bb,,,\u00a0\u00bb rt_tablet_margins=\u00a0\u00bb,\u00a0\u00bb rt_tablet_paddings=\u00a0\u00bb,,,\u00a0\u00bb rt_tablet_wrapper_paddings=\u00a0\u00bb,,,\u00a0\u00bb rt_sp_margins=\u00a0\u00bb,\u00a0\u00bb rt_sp_paddings=\u00a0\u00bb,,,\u00a0\u00bb rt_sp_wrapper_paddings=\u00a0\u00bb,,,\u00a0\u00bb rt_bg_color=\u00a0\u00bb\u00a0\u00bb rt_bg_overlay_color=\u00a0\u00bb\u00a0\u00bb]<div class=\"button_wrapper  arrow rounded\"><a href=\"http:\/\/coneb.africa\/web\/wp-content\/uploads\/2019\/09\/2eme_edition.pdf\" target=\"_self\" title=\"T\u00e9l\u00e9charger la 2\u00e8me EDITION\" class=\"button_  style-1 small rt-8402022\"><span><span class=\"button-icon icon-right\"><\/span><span>T\u00e9l\u00e9charger la 2\u00e8me EDITION<\/span><\/span><\/a><\/div>[\/vc_column_inner][vc_column_inner width=\u00a0\u00bb1\/4&Prime; rt_bg_effect=\u00a0\u00bbclassic\u00a0\u00bb rt_bg_image_repeat=\u00a0\u00bbrepeat\u00a0\u00bb rt_bg_size=\u00a0\u00bbauto auto\u00a0\u00bb rt_bg_position=\u00a0\u00bbright top\u00a0\u00bb rt_bg_attachment=\u00a0\u00bbscroll\u00a0\u00bb]<div class=\"button_wrapper  arrow rounded\"><a href=\"http:\/\/coneb.africa\/web\/wp-content\/uploads\/2019\/09\/3eme_edition.pdf\" target=\"_self\" title=\"T\u00e9l\u00e9charger la 3\u00e8me EDITION\" class=\"button_  style-1 small rt-9321317\"><span><span class=\"button-icon icon-right\"><\/span><span>T\u00e9l\u00e9charger la 3\u00e8me EDITION<\/span><\/span><\/a><\/div>[\/vc_column_inner][vc_column_inner width=\u00a0\u00bb1\/4&Prime; rt_bg_effect=\u00a0\u00bbclassic\u00a0\u00bb rt_bg_image_repeat=\u00a0\u00bbrepeat\u00a0\u00bb rt_bg_size=\u00a0\u00bbauto auto\u00a0\u00bb rt_bg_position=\u00a0\u00bbright top\u00a0\u00bb rt_bg_attachment=\u00a0\u00bbscroll\u00a0\u00bb]<div class=\"button_wrapper  arrow rounded\"><a href=\"http:\/\/coneb.africa\/web\/wp-content\/uploads\/2019\/09\/5eme_edition.pdf\" target=\"_self\" title=\"T\u00e9l\u00e9charger la 5\u00e8me EDITION\" class=\"button_  style-1 small rt-9243828\"><span><span class=\"button-icon icon-right-thin\"><\/span><span>T\u00e9l\u00e9charger la 5\u00e8me EDITION<\/span><\/span><\/a><\/div>[\/vc_column_inner][\/vc_row_inner][\/vc_column][\/vc_row]<\/p>\n","protected":false},"excerpt":{"rendered":"<p>[vc_row rt_row_background_width=\u00a0\u00bbfullwidth\u00a0\u00bb rt_row_content_width=\u00a0\u00bbdefault\u00a0\u00bb rt_row_style=\u00a0\u00bbdefault-style\u00a0\u00bb rt_row_height=\u00a0\u00bb\u00a0\u00bb rt_column_gaps=\u00a0\u00bb\u00a0\u00bb rt_row_shadows=\u00a0\u00bb\u00a0\u00bb rt_row_borders=\u00a0\u00bb\u00a0\u00bb rt_bg_effect=\u00a0\u00bbclassic\u00a0\u00bb rt_bg_image_repeat=\u00a0\u00bbrepeat\u00a0\u00bb rt_bg_size=\u00a0\u00bbcover\u00a0\u00bb rt_bg_position=\u00a0\u00bbright top\u00a0\u00bb rt_bg_attachment=\u00a0\u00bbscroll\u00a0\u00bb rt_bg_layer=\u00a0\u00bb\u00a0\u00bb rt_bg_video_format=\u00a0\u00bbself-hosted\u00a0\u00bb rt_row_paddings=\u00a0\u00bbtrue\u00a0\u00bb rt_overlap=\u00a0\u00bbtrue\u00a0\u00bb rt_padding_top=\u00a0\u00bb60&Prime; rt_padding_bottom=\u00a0\u00bb60&Prime; rt_class=\u00a0\u00bbrt-9285732&Prime; rt_paddings=\u00a0\u00bb60,60,,\u00a0\u00bb rt_margins=\u00a0\u00bb,,,\u00a0\u00bb rt_content_margins=\u00a0\u00bb,,,\u00a0\u00bb rt_tablet_paddings=\u00a0\u00bb,,,\u00a0\u00bb rt_tablet_margins=\u00a0\u00bb,,,\u00a0\u00bb rt_tablet_content_margins=\u00a0\u00bb,,,\u00a0\u00bb rt_sp_paddings=\u00a0\u00bb,,,\u00a0\u00bb rt_sp_margins=\u00a0\u00bb,,,\u00a0\u00bb rt_sp_content_margins=\u00a0\u00bb,,,\u00a0\u00bb][vc_column rt_bg_effect=\u00a0\u00bbclassic\u00a0\u00bb rt_bg_image_repeat=\u00a0\u00bbrepeat\u00a0\u00bb rt_bg_size=\u00a0\u00bbauto auto\u00a0\u00bb rt_bg_position=\u00a0\u00bbright top\u00a0\u00bb rt_bg_attachment=\u00a0\u00bbscroll\u00a0\u00bb rt_col_paddings=\u00a0\u00bbtrue\u00a0\u00bb rt_wrp_col_paddings=\u00a0\u00bbfalse\u00a0\u00bb][vc_row_inner rt_row_background_width=\u00a0\u00bbfullwidth\u00a0\u00bb rt_row_content_width=\u00a0\u00bbdefault\u00a0\u00bb rt_row_style=\u00a0\u00bbglobal-style\u00a0\u00bb rt_row_height=\u00a0\u00bb\u00a0\u00bb rt_column_gaps=\u00a0\u00bb\u00a0\u00bb rt_row_borders=\u00a0\u00bb\u00a0\u00bb rt_bg_effect=\u00a0\u00bbclassic\u00a0\u00bb rt_bg_image_repeat=\u00a0\u00bbrepeat\u00a0\u00bb rt_bg_size=\u00a0\u00bbcover\u00a0\u00bb rt_bg_position=\u00a0\u00bbright top\u00a0\u00bb rt_bg_attachment=\u00a0\u00bbscroll\u00a0\u00bb rt_bg_layer=\u00a0\u00bb\u00a0\u00bb rt_bg_video_format=\u00a0\u00bbself-hosted\u00a0\u00bb][vc_column_inner width=\u00a0\u00bb1\/4&Prime; rt_bg_effect=\u00a0\u00bbclassic\u00a0\u00bb [&hellip;]<\/p>\n","protected":false},"author":1,"featured_media":0,"parent":0,"menu_order":0,"comment_status":"closed","ping_status":"closed","template":"","meta":{"ngg_post_thumbnail":0,"footnotes":""},"class_list":["post-4867","page","type-page","status-publish","hentry"],"_links":{"self":[{"href":"https:\/\/coneb.africa\/web\/wp-json\/wp\/v2\/pages\/4867","targetHints":{"allow":["GET"]}}],"collection":[{"href":"https:\/\/coneb.africa\/web\/wp-json\/wp\/v2\/pages"}],"about":[{"href":"https:\/\/coneb.africa\/web\/wp-json\/wp\/v2\/types\/page"}],"author":[{"embeddable":true,"href":"https:\/\/coneb.africa\/web\/wp-json\/wp\/v2\/users\/1"}],"replies":[{"embeddable":true,"href":"https:\/\/coneb.africa\/web\/wp-json\/wp\/v2\/comments?post=4867"}],"version-history":[{"count":74,"href":"https:\/\/coneb.africa\/web\/wp-json\/wp\/v2\/pages\/4867\/revisions"}],"predecessor-version":[{"id":5237,"href":"https:\/\/coneb.africa\/web\/wp-json\/wp\/v2\/pages\/4867\/revisions\/5237"}],"wp:attachment":[{"href":"https:\/\/coneb.africa\/web\/wp-json\/wp\/v2\/media?parent=4867"}],"curies":[{"name":"wp","href":"https:\/\/api.w.org\/{rel}","templated":true}]}}